{"id":8059,"date":"2022-08-30T12:38:40","date_gmt":"2022-08-30T10:38:40","guid":{"rendered":"https:\/\/dev.schwabingerweihnachtsmarkt.de\/?page_id=8059"},"modified":"2022-08-30T12:38:40","modified_gmt":"2022-08-30T10:38:40","slug":"from-a-z","status":"publish","type":"page","link":"https:\/\/www.schwabingerweihnachtsmarkt.de\/en\/food-stalls\/from-a-z\/","title":{"rendered":"from a-z"},"content":{"rendered":"<h1>Food stalls from a-z<\/h1>\n<p>&nbsp;<br \/>\n<table id=\"calendar2009\" class=\"tablesorter\">\n\t<thead>\n\t\t<tr class=\"title\">\n\t\t\t<th data-sort=\"c1\">Name<i class=\"fa fa-arrow-down\"><\/i><\/th>\n\t\t\t<th data-sort=\"c2\">Bude<i class=\"fa fa-arrow-down\"><\/i><\/th>\n\t\t\t<th data-sort=\"c3\">Angebot<\/th>\n\t\t<\/tr>\n\t<\/thead>\n\t<tbody><tr><td class=\"teilnehmer-letter\" colspan=\"5\">B<\/td><\/tr><tr><td class='teilnehmer-name'><a target=\"_blank\" href='https:\/\/www.schwabingerweihnachtsmarkt.de\/en\/\/gastronomie-berhane-youdit\/'>Berhane, Youdith<\/a><\/td><td class=\"teilnehmer-bude\"><a target=\\\"_blank\\\" href=\"\/der-markt\/budenplan\/\">G9<\/a><\/td><td class=\"teilnehmer-gewerk\">Gl\u00fchwein, Zeigni mit Fladen (eritreisches Fleischgericht), Temtmo mit Fladen (eritreisches Gem\u00fcsegericht), Gew\u00fcrztee, Met.<\/td><td class=\"teilnehmer-shop\"><\/td><td class=\"teilnehmer-neu\"><\/td><\/tr><tr><td class=\"teilnehmer-letter\" colspan=\"5\">D<\/td><\/tr><tr><td class='teilnehmer-name'><a target=\"_blank\" href='https:\/\/www.schwabingerweihnachtsmarkt.de\/en\/\/diener-hermann\/'>Diener, Hermann<\/a><\/td><td class=\"teilnehmer-bude\"><a target=\\\"_blank\\\" href=\"\/der-markt\/budenplan\/\">G11<\/a><\/td><td class=\"teilnehmer-gewerk\">hei\u00dfe Maroni<\/td><td class=\"teilnehmer-shop\"><\/td><td class=\"teilnehmer-neu\"><\/td><\/tr><tr><td class=\"teilnehmer-letter\" colspan=\"5\">F<\/td><\/tr><tr><td class='teilnehmer-name'><a target=\"_blank\" href='https:\/\/www.schwabingerweihnachtsmarkt.de\/en\/\/forster-wolfgang\/'>Forster, Wolfgang<\/a><\/td><td class=\"teilnehmer-bude\"><a target=\\\"_blank\\\" href=\"\/der-markt\/budenplan\/\">G2<\/a><\/td><td class=\"teilnehmer-gewerk\">Flammbrot, hei\u00dfer Apfelwein, Kinderpunsch, Roter Gl\u00fchwein<\/td><td class=\"teilnehmer-shop\"><\/td><td class=\"teilnehmer-neu\"><\/td><\/tr><tr><td class=\"teilnehmer-letter\" colspan=\"5\">G<\/td><\/tr><tr><td class='teilnehmer-name'><a target=\"_blank\" href='https:\/\/www.schwabingerweihnachtsmarkt.de\/en\/\/grosse-christoph\/'>Gro\u00dfe, Christoph<\/a><\/td><td class=\"teilnehmer-bude\"><a target=\\\"_blank\\\" href=\"\/der-markt\/budenplan\/\">G5<\/a><\/td><td class=\"teilnehmer-gewerk\">Tee, alkoholische Teegetr\u00e4nke, Schmalzbrote, Pita, Reiberdatschi, Gl\u00fchwein, Jagertee, Prosecco mit Aperol & Ingwerlik\u00f6r<\/td><td class=\"teilnehmer-shop\"><\/td><td class=\"teilnehmer-neu\"><\/td><\/tr><tr><td class=\"teilnehmer-letter\" colspan=\"5\">J<\/td><\/tr><tr><td class='teilnehmer-name'><a target=\"_blank\" href='https:\/\/www.schwabingerweihnachtsmarkt.de\/en\/\/jakob-erika-und-karl\/'>Jakob, Erika und Marco<\/a><\/td><td class=\"teilnehmer-bude\"><a target=\\\"_blank\\\" href=\"\/der-markt\/budenplan\/\">G8<\/a><\/td><td class=\"teilnehmer-gewerk\">Drehspie\u00df im Fladenbrot, Grillw\u00fcrste, Currywust, Pommes frites, Gl\u00fchwein, Sprizz kalt & heiss, J\u00e4gertee, Kinderpunsch<\/td><td class=\"teilnehmer-shop\"><\/td><td class=\"teilnehmer-neu\"><\/td><\/tr><tr><td class='teilnehmer-name'><a target=\"_blank\" href='https:\/\/www.schwabingerweihnachtsmarkt.de\/en\/\/janovsky-patrick\/'>Janovsky, Patrick<\/a><\/td><td class=\"teilnehmer-bude\"><a target=\\\"_blank\\\" href=\"\/der-markt\/budenplan\/\">G6<\/a><\/td><td class=\"teilnehmer-gewerk\">sizilianische Bratwurst, Scamorza, Teigtaschen, Knoblauchbrot, Mandeltorte, Wei\u00dfer Bischoff (=Gl\u00fchwein wei\u00df)<\/td><td class=\"teilnehmer-shop\"><\/td><td class=\"teilnehmer-neu\"><\/td><\/tr><tr><td class=\"teilnehmer-letter\" colspan=\"5\">L<\/td><\/tr><tr><td class='teilnehmer-name'><a target=\"_blank\" href='https:\/\/www.schwabingerweihnachtsmarkt.de\/en\/\/bettina-lindenberg\/'>Lindenberg, Bettina<\/a><\/td><td class=\"teilnehmer-bude\"><a target=\\\"_blank\\\" href=\"\/der-markt\/budenplan\/\">G7<\/a><\/td><td class=\"teilnehmer-gewerk\">Vegane Bio-Suppen, t\u00e4glich frisch gekocht; Gl\u00fchwein, Bio und vegan;  Bio Kinderpunsch<\/td><td class=\"teilnehmer-shop\"><\/td><td class=\"teilnehmer-neu\"><\/td><\/tr><tr><td class=\"teilnehmer-letter\" colspan=\"5\">M<\/td><\/tr><tr><td class='teilnehmer-name'><a  href='https:\/\/www.schwabingerweihnachtsmarkt.de\/en\/\/eisenrieder-cafe-mf\/'>M\u00fcnchner Freiheit Eisenrieder GmbH<\/a><\/td><td class=\"teilnehmer-bude\"><a target=\\\"_blank\\\" href=\"\/der-markt\/budenplan\/\">G1<\/a><\/td><td class=\"teilnehmer-gewerk\">Weihnachtspl\u00e4tzchen u. Weihnachtsgeb\u00e4ck, handgezog. Marzipan, Lebkuchen, Dampfnudel, Cappucino, hei\u00dfe Schokolade, Himbeerpunsch, Blutorangenpunsch, Carribean Punsch.<\/td><td class=\"teilnehmer-shop\"><\/td><td class=\"teilnehmer-neu\"><\/td><\/tr><tr><td class=\"teilnehmer-letter\" colspan=\"5\">N<\/td><\/tr><tr><td class='teilnehmer-name'><a target=\"_blank\" href='https:\/\/www.schwabingerweihnachtsmarkt.de\/en\/\/neuner-gerhart\/'>Neuner, Gerhart<\/a><\/td><td class=\"teilnehmer-bude\"><a target=\\\"_blank\\\" href=\"\/der-markt\/budenplan\/\">G10<\/a><\/td><td class=\"teilnehmer-gewerk\">Hot Dog \/ Completto, Currygem\u00fcse mit Tofu, Crepes, Falafel, Gyros, Pita, Waffeln, Kartoffeln gestampft und geformt, heisser Caipi, Gl\u00fchwein, Ingwergl\u00fchwein, Graninis\u00e4fte<\/td><td class=\"teilnehmer-shop\"><\/td><td class=\"teilnehmer-neu\"><\/td><\/tr><tr><td class=\"teilnehmer-letter\" colspan=\"5\">O<\/td><\/tr><tr><td class='teilnehmer-name'><a target=\"_blank\" href='https:\/\/www.schwabingerweihnachtsmarkt.de\/en\/\/ostermayer-ulrike\/'>Ostermayer, Ulrike<\/a><\/td><td class=\"teilnehmer-bude\"><a target=\\\"_blank\\\" href=\"\/der-markt\/budenplan\/\">G3<\/a><\/td><td class=\"teilnehmer-gewerk\">Gl\u00fchwein, Hei\u00dfe Zitrone, Feuerzangenbowle,Kinderpunsch, Bionade, Langos, Baguette, Berberfladen, Tagesgerichte<\/td><td class=\"teilnehmer-shop\"><\/td><td class=\"teilnehmer-neu\"><\/td><\/tr><tr><td class=\"teilnehmer-letter\" colspan=\"5\">R<\/td><\/tr><tr><td class='teilnehmer-name'><a target=\"_blank\" href='https:\/\/www.schwabingerweihnachtsmarkt.de\/en\/\/riederer-ilonka\/'>Riederer, Ilonka<\/a><\/td><td class=\"teilnehmer-bude\"><a target=\\\"_blank\\\" href=\"\/der-markt\/budenplan\/\">G4<\/a><\/td><td class=\"teilnehmer-gewerk\">Gl\u00fchwein, Punsch alkoholfrei, Eierlik\u00f6rpunsch, Toskanische Pasta in versch. Variationen, Fleischspie\u00dfe, Ciabatta, Bruscetta, Antipasti<\/td><td class=\"teilnehmer-shop\"><\/td><td class=\"teilnehmer-neu\"><\/td><\/tr><\/tbody>\n<\/table><\/p>\n","protected":false},"excerpt":{"rendered":"<p>Food stalls from a-z &nbsp;<\/p>\n","protected":false},"author":2,"featured_media":0,"parent":7482,"menu_order":20,"comment_status":"closed","ping_status":"closed","template":"","meta":{"ngg_post_thumbnail":0,"footnotes":""},"class_list":["post-8059","page","type-page","status-publish","hentry"],"_links":{"self":[{"href":"https:\/\/www.schwabingerweihnachtsmarkt.de\/en\/wp-json\/wp\/v2\/pages\/8059","targetHints":{"allow":["GET"]}}],"collection":[{"href":"https:\/\/www.schwabingerweihnachtsmarkt.de\/en\/wp-json\/wp\/v2\/pages"}],"about":[{"href":"https:\/\/www.schwabingerweihnachtsmarkt.de\/en\/wp-json\/wp\/v2\/types\/page"}],"author":[{"embeddable":true,"href":"https:\/\/www.schwabingerweihnachtsmarkt.de\/en\/wp-json\/wp\/v2\/users\/2"}],"replies":[{"embeddable":true,"href":"https:\/\/www.schwabingerweihnachtsmarkt.de\/en\/wp-json\/wp\/v2\/comments?post=8059"}],"version-history":[{"count":1,"href":"https:\/\/www.schwabingerweihnachtsmarkt.de\/en\/wp-json\/wp\/v2\/pages\/8059\/revisions"}],"predecessor-version":[{"id":8060,"href":"https:\/\/www.schwabingerweihnachtsmarkt.de\/en\/wp-json\/wp\/v2\/pages\/8059\/revisions\/8060"}],"up":[{"embeddable":true,"href":"https:\/\/www.schwabingerweihnachtsmarkt.de\/en\/wp-json\/wp\/v2\/pages\/7482"}],"wp:attachment":[{"href":"https:\/\/www.schwabingerweihnachtsmarkt.de\/en\/wp-json\/wp\/v2\/media?parent=8059"}],"curies":[{"name":"wp","href":"https:\/\/api.w.org\/{rel}","templated":true}]}}