{"id":155,"date":"2016-07-22T21:37:54","date_gmt":"2016-07-22T19:37:54","guid":{"rendered":"http:\/\/swm.sedlmeier.de\/en\/?page_id=155"},"modified":"2019-10-11T15:09:37","modified_gmt":"2019-10-11T13:09:37","slug":"news","status":"publish","type":"page","link":"https:\/\/www.schwabingerweihnachtsmarkt.de\/en\/news\/","title":{"rendered":"News"},"content":{"rendered":"<h1>News<\/h1>\n\n<article id=\"post-6378\" class=\"post-6378 post type-post status-publish format-standard hentry category-news\">\n\t<header class=\"entry-header\">\n\t\t<h2 class=\"entry-title\">Die neue Tasse ist da<\/h2>\n\t<\/header><!-- .entry-header -->\n\n\t<div class=\"entry-content\">\n\t\t<p>Wir freuen uns sehr Euch unsere neue Tasse vorstellen zu d\u00fcrfen. Und noch mehr freuen wir uns, wenn wir sie mit leckerem Gl\u00fchwein f\u00fcllen k\u00f6nnen.<\/p>\n<p>Das Design stammt aus der Feder unserer K\u00fcnstlerin <a href=\"https:\/\/www.schwabingerweihnachtsmarkt.de\/lindenberg-bettina-2\/\" target=\"_blank\" rel=\"noopener noreferrer\">Bettina Lindenberg<\/a>. Herzlichen Dank daf\u00fcr.<\/p>\n<div style=\"width: 640px;\" class=\"wp-video\"><video class=\"wp-video-shortcode\" id=\"video-6378-1\" width=\"640\" height=\"352\" preload=\"metadata\" controls=\"controls\"><source type=\"video\/mp4\" src=\"https:\/\/www.schwabingerweihnachtsmarkt.de\/wp-content\/uploads\/2020\/06\/VID-20200604-WA0001.mp4?_=1\" \/><a href=\"https:\/\/www.schwabingerweihnachtsmarkt.de\/wp-content\/uploads\/2020\/06\/VID-20200604-WA0001.mp4\">https:\/\/www.schwabingerweihnachtsmarkt.de\/wp-content\/uploads\/2020\/06\/VID-20200604-WA0001.mp4<\/a><\/video><\/div>\n \n\t\t<div class=\"clearfix\"><\/div>\n\t\t \n\t<\/div><!-- .entry-content -->\n\n<\/article><!-- #post -->\n<article id=\"post-5539\" class=\"post-5539 post type-post status-publish format-standard hentry category-aktuelles\">\n\t<header class=\"entry-header\">\n\t\t<h2 class=\"entry-title\">Sch\u00f6ne Weihnachten<\/h2>\n\t<\/header><!-- .entry-header -->\n\n\t<div class=\"entry-content\">\n\t\t<p>Vielen Dank. Liebe Besucherinnen, liebe Besucher &#8211; wir w\u00fcnschen Euch allen ein sch\u00f6nes und geruhsames Weihnachtsfest, erholsame Tage und einen guten Start in ein gl\u00fcckliches und gesundes neues Jahr 2019.<\/p>\n<p>Wir freuen uns auf ein Wiedersehen im neuen Jahr.<\/p>\n<p>Heute sind wir noch bis 14 Uhr f\u00fcr Euch da.<\/p>\n<div class=\"text_exposed_show\">\n<p>Herzlich willkommen, das Team vom Schwabinger Weihnachtsmarkt.<\/p>\nngg_shortcode_0_placeholder\n<\/div>\n \n\t\t<div class=\"clearfix\"><\/div>\n\t\t \n\t<\/div><!-- .entry-content -->\n\n<\/article><!-- #post -->\n<article id=\"post-5535\" class=\"post-5535 post type-post status-publish format-standard hentry category-aktuelles\">\n\t<header class=\"entry-header\">\n\t\t<h2 class=\"entry-title\">Die K\u00fcnstlerinnen und K\u00fcnstler<\/h2>\n\t<\/header><!-- .entry-header -->\n\n\t<div class=\"entry-content\">\n\t\t<p>Willkommen zum 4. Advent. Wir blicken zur\u00fcck auf einen sch\u00f6nen und bunten Markt und bedanken uns schon jetzt bei allen Besucherinnen und Besuchern. Wir freuen uns auf ein Wiedersehen. Bis morgen 14:00 Uhr haben wir noch ge\u00f6ffnet.<br \/>\nHerzlich willkommen.<\/p>\nngg_shortcode_1_placeholder\n \n\t\t<div class=\"clearfix\"><\/div>\n\t\t \n\t<\/div><!-- .entry-content -->\n\n<\/article><!-- #post -->\n<article id=\"post-5463\" class=\"post-5463 post type-post status-publish format-standard hentry category-aktuelles category-unkategorisiert\">\n\t<header class=\"entry-header\">\n\t\t<h2 class=\"entry-title\">Der vierte Advent<\/h2>\n\t<\/header><!-- .entry-header -->\n\n\t<div class=\"entry-content\">\n\t\t<div id=\"js_m7\" class=\"_5pbx userContent _3576\" data-ad-preview=\"message\" data-ft=\"{&quot;tn&quot;:&quot;K&quot;}\">\n<p>Stimmt Euch mit uns auf den 4. Advent ein. &#8220;Es lebe bunt!&#8221;. Ein kleiner Spaziergang durch die vergangenen Tage. Einfach sch\u00f6n <span class=\"_47e3 _5mfr\" title=\"\u201ewink\u201c-Emoticon\">.<\/span><br \/>\nHerzlich willkommen.<\/p>\nngg_shortcode_2_placeholder\n<\/div>\n \n\t\t<div class=\"clearfix\"><\/div>\n\t\t \n\t<\/div><!-- .entry-content -->\n\n<\/article><!-- #post -->\n<article id=\"post-5399\" class=\"post-5399 post type-post status-publish format-standard hentry category-aktuelles\">\n\t<header class=\"entry-header\">\n\t\t<h2 class=\"entry-title\">Vielf\u00e4ltige Kunst<\/h2>\n\t<\/header><!-- .entry-header -->\n\n\t<div class=\"entry-content\">\n\t\t<p>Es lebe bunt! &#8211; das Motto steht f\u00fcr Vielfalt, Austausch und die Liebe zur Kunst.<\/p>\n<p>Dies ist nur ein kleiner Streifzug \u00fcber den Markt. Vielf\u00e4ltig, bunt und kunstvoll.<\/p>\nngg_shortcode_3_placeholder\n<p>&nbsp;<\/p>\n \n\t\t<div class=\"clearfix\"><\/div>\n\t\t \n\t<\/div><!-- .entry-content -->\n\n<\/article><!-- #post --><div class='pip-nav'><ul> <li class='pip-nav-next'><a href=\"https:\/\/www.schwabingerweihnachtsmarkt.de\/en\/wp-json\/wp\/v2\/pages\/155\/page\/2\/\" >Next<\/a><\/li><\/ul><\/div>\n","protected":false},"excerpt":{"rendered":"<p>News<\/p>\n","protected":false},"author":1,"featured_media":0,"parent":0,"menu_order":10,"comment_status":"closed","ping_status":"closed","template":"","meta":{"ngg_post_thumbnail":0,"footnotes":""},"class_list":["post-155","page","type-page","status-publish","hentry"],"_links":{"self":[{"href":"https:\/\/www.schwabingerweihnachtsmarkt.de\/en\/wp-json\/wp\/v2\/pages\/155","targetHints":{"allow":["GET"]}}],"collection":[{"href":"https:\/\/www.schwabingerweihnachtsmarkt.de\/en\/wp-json\/wp\/v2\/pages"}],"about":[{"href":"https:\/\/www.schwabingerweihnachtsmarkt.de\/en\/wp-json\/wp\/v2\/types\/page"}],"author":[{"embeddable":true,"href":"https:\/\/www.schwabingerweihnachtsmarkt.de\/en\/wp-json\/wp\/v2\/users\/1"}],"replies":[{"embeddable":true,"href":"https:\/\/www.schwabingerweihnachtsmarkt.de\/en\/wp-json\/wp\/v2\/comments?post=155"}],"version-history":[{"count":15,"href":"https:\/\/www.schwabingerweihnachtsmarkt.de\/en\/wp-json\/wp\/v2\/pages\/155\/revisions"}],"predecessor-version":[{"id":6058,"href":"https:\/\/www.schwabingerweihnachtsmarkt.de\/en\/wp-json\/wp\/v2\/pages\/155\/revisions\/6058"}],"wp:attachment":[{"href":"https:\/\/www.schwabingerweihnachtsmarkt.de\/en\/wp-json\/wp\/v2\/media?parent=155"}],"curies":[{"name":"wp","href":"https:\/\/api.w.org\/{rel}","templated":true}]}}